{"id":37930,"date":"2017-07-31T16:07:49","date_gmt":"2017-07-31T16:07:49","guid":{"rendered":"http:\/\/www.felixsolis.com\/unternehmen-2\/"},"modified":"2025-09-17T14:29:46","modified_gmt":"2025-09-17T14:29:46","slug":"unternehmen","status":"publish","type":"page","link":"https:\/\/www.felixsolis.com\/de\/unternehmen\/","title":{"rendered":"Unternehmen"},"content":{"rendered":"<p>F\u00e9lix Sol\u00eds S.L. ist ein Familienbetrieb, der sich der Herstellung von <strong>Qualit\u00e4tsweinen, Traubensaft<\/strong><strong>\u00a0<\/strong>und <strong>Sangr\u00eda<\/strong> widmet. Das Unternehmen besitzt zwei Weinkellereien in den wichtigsten Herkunftsbezeichnungen im Zentrum Spaniens: Valdepe\u00f1as und La Mancha.<\/p>\n<p>Die Weinkellerei in\u00a0<strong>Valdepe<\/strong>\u00f1<strong>as<\/strong>\u00a0wurde im Jahr\u00a0<strong>1975<\/strong>\u00a0er\u00f6ffnet und ist mit den besten und\u00a0<strong>modernsten Produktions- und Abf\u00fcllanlagen<\/strong>\u00a0<strong>der Welt<\/strong> ausgestattet. Die Weinkellerei ist in Bezug auf die geerntete Menge von Trauben der gr\u00f6\u00dfte Familienbetrieb des Weinsektors in Spanien und hat eine t\u00e4glichen Erntekapazit\u00e4t von 7,5 Millionen Kilogramm sowie eine Weinherstellungskapazit\u00e4t von <strong>175 Millionen Kilogramm Trauben<\/strong>. F\u00fcr den traditionellen Reifungsvorgang verf\u00fcgt die Anlage \u00fcber einen gro\u00dfen Keller mit F\u00e4ssern aus amerikanischer Eiche, welche f\u00fcr die Produktion von Weinen der Kategorien\u00a0<strong>Crianza, Reserva und Gran Reserva<\/strong> vorgesehen sind.<\/p>\n<p>Die Weinkellerei hat erfolgreich eine Reihe von Marken auf den Markt gebracht, wie z.\u00a0B. <strong>Vina Albali<\/strong><strong>\u00a0<\/strong>und<strong>\u00a0<\/strong><strong>Los Molinos<\/strong>, welche unter spanischen Weinkennern sehr beliebt sind. Dar\u00fcber hinaus hat die Weinreihe MUCHO M\u00c1S aufgrund ihrer Ausrichtung auf neue Verbrauchertrends, ihrer au\u00dfergew\u00f6hnlichen Qualit\u00e4t und ihrer Vielseitigkeit gro\u00dfen Erfolg gehabt.<\/p>\n<p>Die Weinkellerei F\u00e9lix Sol\u00eds in<strong>\u00a0<\/strong><strong>La Puebla de Almoradiel<\/strong>\u00a0befindet sich in\u00a0<a href=\"http:\/\/lamanchawines.com\/\">La Mancha<\/a>, einer Region mit langer Tradition im Weinanbau und in der Weinherstellung. Die modernen Anlagen sind perfekt f\u00fcr die Herstellung von jungen Weinen aus spanischen und internationalen Rebsorten geeignet.<\/p>\n<p>Die Weinkellerei in La Mancha hatte ihre erste Lese im Jahr 2011 und ihre Weine\u00a0<strong>Caliza<\/strong><strong>\u00a0<\/strong>und<strong>\u00a0<\/strong><strong>Vina San Juan<\/strong> wurden bereits in einigen der prestigetr\u00e4chtigsten internationalen Wein-Wettbewerbe ausgezeichnet.<\/p>\n","protected":false},"excerpt":{"rendered":"<p>F\u00e9lix Sol\u00eds S.L. ist ein Familienbetrieb, der sich der Herstellung von Qualit\u00e4tsweinen, Traubensaft\u00a0und Sangr\u00eda widmet. Das Unternehmen besitzt zwei Weinkellereien in den wichtigsten Herkunftsbezeichnungen im Zentrum Spaniens: Valdepe\u00f1as und La Mancha. Die Weinkellerei in\u00a0Valdepe\u00f1as\u00a0wurde im Jahr\u00a01975\u00a0er\u00f6ffnet und ist mit den besten und\u00a0modernsten Produktions- und Abf\u00fcllanlagen\u00a0der Welt ausgestattet. Die Weinkellerei ist in Bezug auf die geerntete Menge von Trauben der gr\u00f6\u00dfte Familienbetrieb des Weinsektors in Spanien und hat eine t\u00e4glichen Erntekapazit\u00e4t von 7,5 Millionen Kilogramm sowie eine Weinherstellungskapazit\u00e4t von 175 Millionen Kilogramm Trauben. F\u00fcr den traditionellen Reifungsvorgang verf\u00fcgt die Anlage \u00fcber einen gro\u00dfen Keller mit F\u00e4ssern aus amerikanischer Eiche, welche f\u00fcr die Produktion von Weinen der Kategorien\u00a0Crianza, Reserva und Gran Reserva [&hellip;]<\/p>\n","protected":false},"author":4,"featured_media":37509,"parent":0,"menu_order":0,"comment_status":"open","ping_status":"closed","template":"page-general.php","meta":{"footnotes":""},"acf":[],"yoast_head":"<!-- This site is optimized with the Yoast SEO plugin v21.5 - https:\/\/yoast.com\/wordpress\/plugins\/seo\/ -->\n<title>Unternehmen | F\u00e9lix Sol\u00eds<\/title>\n<meta name=\"robots\" content=\"index, follow, max-snippet:-1, max-image-preview:large, max-video-preview:-1\" \/>\n<link rel=\"canonical\" href=\"https:\/\/www.felixsolis.com\/de\/unternehmen\/\" \/>\n<meta property=\"og:locale\" content=\"de_DE\" \/>\n<meta property=\"og:type\" content=\"article\" \/>\n<meta property=\"og:title\" content=\"Unternehmen | F\u00e9lix Sol\u00eds\" \/>\n<meta property=\"og:description\" content=\"F\u00e9lix Sol\u00eds S.L. ist ein Familienbetrieb, der sich der Herstellung von Qualit\u00e4tsweinen, Traubensaft\u00a0und Sangr\u00eda widmet. Das Unternehmen besitzt zwei Weinkellereien in den wichtigsten Herkunftsbezeichnungen im Zentrum Spaniens: Valdepe\u00f1as und La Mancha. Die Weinkellerei in\u00a0Valdepe\u00f1as\u00a0wurde im Jahr\u00a01975\u00a0er\u00f6ffnet und ist mit den besten und\u00a0modernsten Produktions- und Abf\u00fcllanlagen\u00a0der Welt ausgestattet. Die Weinkellerei ist in Bezug auf die geerntete Menge von Trauben der gr\u00f6\u00dfte Familienbetrieb des Weinsektors in Spanien und hat eine t\u00e4glichen Erntekapazit\u00e4t von 7,5 Millionen Kilogramm sowie eine Weinherstellungskapazit\u00e4t von 175 Millionen Kilogramm Trauben. F\u00fcr den traditionellen Reifungsvorgang verf\u00fcgt die Anlage \u00fcber einen gro\u00dfen Keller mit F\u00e4ssern aus amerikanischer Eiche, welche f\u00fcr die Produktion von Weinen der Kategorien\u00a0Crianza, Reserva und Gran Reserva [&hellip;]\" \/>\n<meta property=\"og:url\" content=\"https:\/\/www.felixsolis.com\/de\/unternehmen\/\" \/>\n<meta property=\"og:site_name\" content=\"F\u00e9lix Sol\u00eds\" \/>\n<meta property=\"article:modified_time\" content=\"2025-09-17T14:29:46+00:00\" \/>\n<meta property=\"og:image\" content=\"https:\/\/www.felixsolis.com\/app\/uploads\/2019\/05\/valdepenas_01.jpg\" \/>\n\t<meta property=\"og:image:width\" content=\"1999\" \/>\n\t<meta property=\"og:image:height\" content=\"1333\" \/>\n\t<meta property=\"og:image:type\" content=\"image\/jpeg\" \/>\n<meta name=\"twitter:card\" content=\"summary_large_image\" \/>\n<meta name=\"twitter:label1\" content=\"Gesch\u00e4tzte Lesezeit\" \/>\n\t<meta name=\"twitter:data1\" content=\"2 Minuten\" \/>\n<script type=\"application\/ld+json\" class=\"yoast-schema-graph\">{\"@context\":\"https:\/\/schema.org\",\"@graph\":[{\"@type\":\"WebPage\",\"@id\":\"https:\/\/www.felixsolis.com\/de\/unternehmen\/\",\"url\":\"https:\/\/www.felixsolis.com\/de\/unternehmen\/\",\"name\":\"Unternehmen | F\u00e9lix Sol\u00eds\",\"isPartOf\":{\"@id\":\"https:\/\/www.felixsolis.com\/#website\"},\"datePublished\":\"2017-07-31T16:07:49+00:00\",\"dateModified\":\"2025-09-17T14:29:46+00:00\",\"breadcrumb\":{\"@id\":\"https:\/\/www.felixsolis.com\/de\/unternehmen\/#breadcrumb\"},\"inLanguage\":\"de-DE\",\"potentialAction\":[{\"@type\":\"ReadAction\",\"target\":[\"https:\/\/www.felixsolis.com\/de\/unternehmen\/\"]}]},{\"@type\":\"BreadcrumbList\",\"@id\":\"https:\/\/www.felixsolis.com\/de\/unternehmen\/#breadcrumb\",\"itemListElement\":[{\"@type\":\"ListItem\",\"position\":1,\"name\":\"Portada\",\"item\":\"https:\/\/www.felixsolis.com\/de\/\"},{\"@type\":\"ListItem\",\"position\":2,\"name\":\"Unternehmen\"}]},{\"@type\":\"WebSite\",\"@id\":\"https:\/\/www.felixsolis.com\/#website\",\"url\":\"https:\/\/www.felixsolis.com\/\",\"name\":\"F\u00e9lix Sol\u00eds\",\"description\":\"\",\"potentialAction\":[{\"@type\":\"SearchAction\",\"target\":{\"@type\":\"EntryPoint\",\"urlTemplate\":\"https:\/\/www.felixsolis.com\/?s={search_term_string}\"},\"query-input\":\"required name=search_term_string\"}],\"inLanguage\":\"de-DE\"}]}<\/script>\n<!-- \/ Yoast SEO plugin. -->","yoast_head_json":{"title":"Unternehmen | F\u00e9lix Sol\u00eds","robots":{"index":"index","follow":"follow","max-snippet":"max-snippet:-1","max-image-preview":"max-image-preview:large","max-video-preview":"max-video-preview:-1"},"canonical":"https:\/\/www.felixsolis.com\/de\/unternehmen\/","og_locale":"de_DE","og_type":"article","og_title":"Unternehmen | F\u00e9lix Sol\u00eds","og_description":"F\u00e9lix Sol\u00eds S.L. ist ein Familienbetrieb, der sich der Herstellung von Qualit\u00e4tsweinen, Traubensaft\u00a0und Sangr\u00eda widmet. Das Unternehmen besitzt zwei Weinkellereien in den wichtigsten Herkunftsbezeichnungen im Zentrum Spaniens: Valdepe\u00f1as und La Mancha. Die Weinkellerei in\u00a0Valdepe\u00f1as\u00a0wurde im Jahr\u00a01975\u00a0er\u00f6ffnet und ist mit den besten und\u00a0modernsten Produktions- und Abf\u00fcllanlagen\u00a0der Welt ausgestattet. Die Weinkellerei ist in Bezug auf die geerntete Menge von Trauben der gr\u00f6\u00dfte Familienbetrieb des Weinsektors in Spanien und hat eine t\u00e4glichen Erntekapazit\u00e4t von 7,5 Millionen Kilogramm sowie eine Weinherstellungskapazit\u00e4t von 175 Millionen Kilogramm Trauben. F\u00fcr den traditionellen Reifungsvorgang verf\u00fcgt die Anlage \u00fcber einen gro\u00dfen Keller mit F\u00e4ssern aus amerikanischer Eiche, welche f\u00fcr die Produktion von Weinen der Kategorien\u00a0Crianza, Reserva und Gran Reserva [&hellip;]","og_url":"https:\/\/www.felixsolis.com\/de\/unternehmen\/","og_site_name":"F\u00e9lix Sol\u00eds","article_modified_time":"2025-09-17T14:29:46+00:00","og_image":[{"width":1999,"height":1333,"url":"https:\/\/www.felixsolis.com\/app\/uploads\/2019\/05\/valdepenas_01.jpg","type":"image\/jpeg"}],"twitter_card":"summary_large_image","twitter_misc":{"Gesch\u00e4tzte Lesezeit":"2 Minuten"},"schema":{"@context":"https:\/\/schema.org","@graph":[{"@type":"WebPage","@id":"https:\/\/www.felixsolis.com\/de\/unternehmen\/","url":"https:\/\/www.felixsolis.com\/de\/unternehmen\/","name":"Unternehmen | F\u00e9lix Sol\u00eds","isPartOf":{"@id":"https:\/\/www.felixsolis.com\/#website"},"datePublished":"2017-07-31T16:07:49+00:00","dateModified":"2025-09-17T14:29:46+00:00","breadcrumb":{"@id":"https:\/\/www.felixsolis.com\/de\/unternehmen\/#breadcrumb"},"inLanguage":"de-DE","potentialAction":[{"@type":"ReadAction","target":["https:\/\/www.felixsolis.com\/de\/unternehmen\/"]}]},{"@type":"BreadcrumbList","@id":"https:\/\/www.felixsolis.com\/de\/unternehmen\/#breadcrumb","itemListElement":[{"@type":"ListItem","position":1,"name":"Portada","item":"https:\/\/www.felixsolis.com\/de\/"},{"@type":"ListItem","position":2,"name":"Unternehmen"}]},{"@type":"WebSite","@id":"https:\/\/www.felixsolis.com\/#website","url":"https:\/\/www.felixsolis.com\/","name":"F\u00e9lix Sol\u00eds","description":"","potentialAction":[{"@type":"SearchAction","target":{"@type":"EntryPoint","urlTemplate":"https:\/\/www.felixsolis.com\/?s={search_term_string}"},"query-input":"required name=search_term_string"}],"inLanguage":"de-DE"}]}},"_links":{"self":[{"href":"https:\/\/www.felixsolis.com\/de\/wp-json\/wp\/v2\/pages\/37930"}],"collection":[{"href":"https:\/\/www.felixsolis.com\/de\/wp-json\/wp\/v2\/pages"}],"about":[{"href":"https:\/\/www.felixsolis.com\/de\/wp-json\/wp\/v2\/types\/page"}],"author":[{"embeddable":true,"href":"https:\/\/www.felixsolis.com\/de\/wp-json\/wp\/v2\/users\/4"}],"replies":[{"embeddable":true,"href":"https:\/\/www.felixsolis.com\/de\/wp-json\/wp\/v2\/comments?post=37930"}],"version-history":[{"count":3,"href":"https:\/\/www.felixsolis.com\/de\/wp-json\/wp\/v2\/pages\/37930\/revisions"}],"predecessor-version":[{"id":74357,"href":"https:\/\/www.felixsolis.com\/de\/wp-json\/wp\/v2\/pages\/37930\/revisions\/74357"}],"wp:featuredmedia":[{"embeddable":true,"href":"https:\/\/www.felixsolis.com\/de\/wp-json\/wp\/v2\/media\/37509"}],"wp:attachment":[{"href":"https:\/\/www.felixsolis.com\/de\/wp-json\/wp\/v2\/media?parent=37930"}],"curies":[{"name":"wp","href":"https:\/\/api.w.org\/{rel}","templated":true}]}}